{"id":3749,"date":"2021-08-25T11:48:53","date_gmt":"2021-08-25T09:48:53","guid":{"rendered":"http:\/\/www.blagnacartsmartiaux.fr\/site\/?page_id=3749"},"modified":"2022-10-19T11:14:48","modified_gmt":"2022-10-19T09:14:48","slug":"karate-adultes-a-blagnac","status":"publish","type":"page","link":"https:\/\/www.blagnacartsmartiaux.fr\/site\/karate-blagnac\/karate-adultes-a-blagnac\/","title":{"rendered":"Body Karat\u00e9 \u00e0 Blagnac"},"content":{"rendered":"\n<p>Cours de karat\u00e9 dispens\u00e9 le samedi matin de 11h30 \u00e0 12h30 par <strong>Florence GOURMELON<\/strong>. <\/p>\n\n\n\n<p><strong>Le Body Karat\u00e9<\/strong> est une discipline associant techniques de karat\u00e9 ( pieds, poings et diverses techniques de combat) chor\u00e9graphi\u00e9es en rythme sur de la musique dynamique, moderne, ludique et motivante.<\/p>\n\n\n\n<p>Il s\u2019agit d\u2019une pratique sportive qui se pratique en musique dans la joie et la bonne humeur.<\/p>\n\n\n\n<p class=\"has-text-align-center has-vivid-red-background-color has-text-color has-background has-medium-font-size\" style=\"color:#ffffff\"><span style=\"text-decoration: underline;\"><strong>Samedi de 11h30 \u00e0 12h30<\/strong><\/span><\/p>\n\n\n\n<p><strong>Florence<\/strong> est dipl\u00f4m\u00e9 d&rsquo;\u00e9tat avec un BPJEPS et titulaire d&rsquo;un CBK pour enseigner le Body Karat\u00e9. Elle est \u00e9galement 2e dan de Karat\u00e9 Shotokan. <\/p>\n\n\n\n<p class=\"has-text-align-center has-vivid-green-cyan-background-color has-text-color has-background has-medium-font-size\" style=\"color:#ffffff\"><span style=\"text-decoration: underline;\"><strong>Cours d\u2019essai gratuit !<\/strong><\/span><\/p>\n\n\n\n<p>Le body karat\u00e9 contribue \u00e0 l\u2019am\u00e9lioration du syst\u00e8me cardio-vasculaire et respiratoire avec une tonification des membres sup\u00e9rieurs (bras) et inf\u00e9rieurs ( cuisses-fessiers)<\/p>\n\n\n\n<figure class=\"wp-block-gallery has-nested-images columns-default is-cropped wp-block-gallery-1 is-layout-flex wp-block-gallery-is-layout-flex\">\n<figure class=\"wp-block-image size-full is-style-default\"><img fetchpriority=\"high\" decoding=\"async\" width=\"843\" height=\"777\" data-id=\"4849\" src=\"https:\/\/www.blagnacartsmartiaux.fr\/site\/wp-content\/uploads\/2022\/06\/body-groupe-1.webp\" alt=\"\" class=\"wp-image-4849\" srcset=\"https:\/\/www.blagnacartsmartiaux.fr\/site\/wp-content\/uploads\/2022\/06\/body-groupe-1.webp 843w, https:\/\/www.blagnacartsmartiaux.fr\/site\/wp-content\/uploads\/2022\/06\/body-groupe-1-300x277.webp 300w, https:\/\/www.blagnacartsmartiaux.fr\/site\/wp-content\/uploads\/2022\/06\/body-groupe-1-768x708.webp 768w\" sizes=\"(max-width: 843px) 100vw, 843px\" \/><\/figure>\n\n\n\n<figure class=\"wp-block-image size-full is-style-default\"><img decoding=\"async\" width=\"1009\" height=\"777\" data-id=\"4851\" src=\"https:\/\/www.blagnacartsmartiaux.fr\/site\/wp-content\/uploads\/2022\/06\/body-groupe-2.webp\" alt=\"\" class=\"wp-image-4851\" srcset=\"https:\/\/www.blagnacartsmartiaux.fr\/site\/wp-content\/uploads\/2022\/06\/body-groupe-2.webp 1009w, https:\/\/www.blagnacartsmartiaux.fr\/site\/wp-content\/uploads\/2022\/06\/body-groupe-2-300x231.webp 300w, https:\/\/www.blagnacartsmartiaux.fr\/site\/wp-content\/uploads\/2022\/06\/body-groupe-2-768x591.webp 768w\" sizes=\"(max-width: 1009px) 100vw, 1009px\" \/><\/figure>\n<\/figure>\n\n\n\n<figure class=\"wp-block-gallery has-nested-images columns-default is-cropped wp-block-gallery-2 is-layout-flex wp-block-gallery-is-layout-flex\">\n<figure class=\"wp-block-image size-large is-style-default\"><img decoding=\"async\" width=\"800\" height=\"800\" data-id=\"3289\" src=\"https:\/\/www.blagnacartsmartiaux.fr\/site\/wp-content\/uploads\/2020\/08\/IMG_0779-1.jpg\" alt=\"\" class=\"wp-image-3289\" srcset=\"https:\/\/www.blagnacartsmartiaux.fr\/site\/wp-content\/uploads\/2020\/08\/IMG_0779-1.jpg 800w, https:\/\/www.blagnacartsmartiaux.fr\/site\/wp-content\/uploads\/2020\/08\/IMG_0779-1-300x300.jpg 300w, https:\/\/www.blagnacartsmartiaux.fr\/site\/wp-content\/uploads\/2020\/08\/IMG_0779-1-150x150.jpg 150w, https:\/\/www.blagnacartsmartiaux.fr\/site\/wp-content\/uploads\/2020\/08\/IMG_0779-1-768x768.jpg 768w\" sizes=\"(max-width: 800px) 100vw, 800px\" \/><figcaption>Florence est aussi 2\u00e8me dan de Karat\u00e9 Shotokan<\/figcaption><\/figure>\n\n\n\n<figure class=\"wp-block-image size-full is-style-default\"><img loading=\"lazy\" decoding=\"async\" width=\"711\" height=\"523\" data-id=\"3717\" src=\"https:\/\/www.blagnacartsmartiaux.fr\/site\/wp-content\/uploads\/2021\/08\/body-karate-blagnac.jpg\" alt=\"\" class=\"wp-image-3717\" srcset=\"https:\/\/www.blagnacartsmartiaux.fr\/site\/wp-content\/uploads\/2021\/08\/body-karate-blagnac.jpg 711w, https:\/\/www.blagnacartsmartiaux.fr\/site\/wp-content\/uploads\/2021\/08\/body-karate-blagnac-300x221.jpg 300w\" sizes=\"(max-width: 711px) 100vw, 711px\" \/><\/figure>\n<\/figure>\n\n\n\n<h3 class=\"wp-block-heading\">Une s\u00e9ance de Body Karate dure 1 heure et se r\u00e9partie en quatre blocs d\u2019exercices&nbsp;:<\/h3>\n\n\n\n<ul class=\"wp-block-list\"><li>10 mn d\u2019\u00e9chauffements<\/li><li>35 mn d\u2019enchainement cardio pieds-poings avec d\u00e9placements<\/li><li>10mn de renforcement musculaire ( abdo, fessiers, gainage\u2026)<\/li><li>5 mn d \u00e9tirements &#8211; streching<\/li><\/ul>\n\n\n\n<p>La section Body Karat\u00e9 est affili\u00e9e \u00e0 la FFKarate. Florence Gourmelon est une animatrice f\u00e9d\u00e9rale et d\u00e9tentrice du dipl\u00f4me CBK (certificat Body Karate) lui permettant d&rsquo;animer des cours dans le respect des r\u00e8gles de la discipline. <\/p>\n\n\n\n<p>Besoin de renseignement, <a href=\"https:\/\/www.blagnacartsmartiaux.fr\/site\/contact\/\"><strong>contactez-nous<\/strong><\/a>. <\/p>\n\n\n\n<figure class=\"wp-block-embed is-type-video is-provider-youtube wp-block-embed-youtube wp-embed-aspect-16-9 wp-has-aspect-ratio\"><div class=\"wp-block-embed__wrapper\">\n<iframe title=\"Body Karate\u0301 au 34e Festival des Arts Martiaux\" width=\"500\" height=\"281\" src=\"https:\/\/www.youtube.com\/embed\/AeITsWI1_rw?start=76&#038;feature=oembed\" frameborder=\"0\" allow=\"accelerometer; autoplay; clipboard-write; encrypted-media; gyroscope; picture-in-picture; web-share\" referrerpolicy=\"strict-origin-when-cross-origin\" allowfullscreen><\/iframe>\n<\/div><\/figure>\n\n\n\n<figure class=\"wp-block-image size-full is-style-default\"><img loading=\"lazy\" decoding=\"async\" width=\"1000\" height=\"548\" src=\"https:\/\/www.blagnacartsmartiaux.fr\/site\/wp-content\/uploads\/2022\/06\/body-karate-1.webp\" alt=\"\" class=\"wp-image-4196\" srcset=\"https:\/\/www.blagnacartsmartiaux.fr\/site\/wp-content\/uploads\/2022\/06\/body-karate-1.webp 1000w, https:\/\/www.blagnacartsmartiaux.fr\/site\/wp-content\/uploads\/2022\/06\/body-karate-1-300x164.webp 300w, https:\/\/www.blagnacartsmartiaux.fr\/site\/wp-content\/uploads\/2022\/06\/body-karate-1-768x421.webp 768w\" sizes=\"(max-width: 1000px) 100vw, 1000px\" \/><\/figure>\n","protected":false},"excerpt":{"rendered":"<p>Cours de karat\u00e9 dispens\u00e9 le samedi matin de 11h30 \u00e0 12h30 par Florence GOURMELON. Le Body Karat\u00e9 est une discipline associant techniques de karat\u00e9 ( pieds, poings et diverses techniques de combat) chor\u00e9graphi\u00e9es en rythme sur de la musique dynamique, moderne, ludique et motivante. Il s\u2019agit d\u2019une pratique sportive qui se pratique en musique dans [&hellip;]<\/p>\n","protected":false},"author":2,"featured_media":5044,"parent":2160,"menu_order":0,"comment_status":"closed","ping_status":"closed","template":"","meta":{"site-sidebar-layout":"default","site-content-layout":"default","ast-site-content-layout":"default","site-content-style":"default","site-sidebar-style":"default","ast-global-header-display":"","ast-banner-title-visibility":"","ast-main-header-display":"","ast-hfb-above-header-display":"","ast-hfb-below-header-display":"","ast-hfb-mobile-header-display":"","site-post-title":"","ast-breadcrumbs-content":"","ast-featured-img":"","footer-sml-layout":"","ast-disable-related-posts":"","theme-transparent-header-meta":"default","adv-header-id-meta":"","stick-header-meta":"","header-above-stick-meta":"","header-main-stick-meta":"","header-below-stick-meta":"","astra-migrate-meta-layouts":"default","ast-page-background-enabled":"default","ast-page-background-meta":{"desktop":{"background-color":"","background-image":"","background-repeat":"repeat","background-position":"center center","background-size":"auto","background-attachment":"scroll","background-type":"","background-media":"","overlay-type":"","overlay-color":"","overlay-opacity":"","overlay-gradient":""},"tablet":{"background-color":"","background-image":"","background-repeat":"repeat","background-position":"center center","background-size":"auto","background-attachment":"scroll","background-type":"","background-media":"","overlay-type":"","overlay-color":"","overlay-opacity":"","overlay-gradient":""},"mobile":{"background-color":"","background-image":"","background-repeat":"repeat","background-position":"center center","background-size":"auto","background-attachment":"scroll","background-type":"","background-media":"","overlay-type":"","overlay-color":"","overlay-opacity":"","overlay-gradient":""}},"ast-content-background-meta":{"desktop":{"background-color":"var(--ast-global-color-5)","background-image":"","background-repeat":"repeat","background-position":"center center","background-size":"auto","background-attachment":"scroll","background-type":"","background-media":"","overlay-type":"","overlay-color":"","overlay-opacity":"","overlay-gradient":""},"tablet":{"background-color":"var(--ast-global-color-5)","background-image":"","background-repeat":"repeat","background-position":"center center","background-size":"auto","background-attachment":"scroll","background-type":"","background-media":"","overlay-type":"","overlay-color":"","overlay-opacity":"","overlay-gradient":""},"mobile":{"background-color":"var(--ast-global-color-5)","background-image":"","background-repeat":"repeat","background-position":"center center","background-size":"auto","background-attachment":"scroll","background-type":"","background-media":"","overlay-type":"","overlay-color":"","overlay-opacity":"","overlay-gradient":""}},"footnotes":""},"class_list":["post-3749","page","type-page","status-publish","has-post-thumbnail","hentry"],"yoast_head":"<!-- This site is optimized with the Yoast SEO plugin v27.4 - https:\/\/yoast.com\/product\/yoast-seo-wordpress\/ -->\n<title>Body Karat\u00e9 \u00e0 Blagnac - Blagnac Arts Martiaux<\/title>\n<meta name=\"robots\" content=\"index, follow, max-snippet:-1, max-image-preview:large, max-video-preview:-1\" \/>\n<link rel=\"canonical\" href=\"https:\/\/www.blagnacartsmartiaux.fr\/site\/karate-blagnac\/karate-adultes-a-blagnac\/\" \/>\n<meta property=\"og:locale\" content=\"fr_FR\" \/>\n<meta property=\"og:type\" content=\"article\" \/>\n<meta property=\"og:title\" content=\"Body Karat\u00e9 \u00e0 Blagnac - Blagnac Arts Martiaux\" \/>\n<meta property=\"og:description\" content=\"Cours de karat\u00e9 dispens\u00e9 le samedi matin de 11h30 \u00e0 12h30 par Florence GOURMELON. Le Body Karat\u00e9 est une discipline associant techniques de karat\u00e9 ( pieds, poings et diverses techniques de combat) chor\u00e9graphi\u00e9es en rythme sur de la musique dynamique, moderne, ludique et motivante. Il s\u2019agit d\u2019une pratique sportive qui se pratique en musique dans [&hellip;]\" \/>\n<meta property=\"og:url\" content=\"https:\/\/www.blagnacartsmartiaux.fr\/site\/karate-blagnac\/karate-adultes-a-blagnac\/\" \/>\n<meta property=\"og:site_name\" content=\"Blagnac Arts Martiaux\" \/>\n<meta property=\"article:publisher\" content=\"https:\/\/www.facebook.com\/BlagnacArtsMartiaux\" \/>\n<meta property=\"article:modified_time\" content=\"2022-10-19T09:14:48+00:00\" \/>\n<meta property=\"og:image\" content=\"https:\/\/www.blagnacartsmartiaux.fr\/site\/wp-content\/uploads\/2022\/10\/body.jpg\" \/>\n\t<meta property=\"og:image:width\" content=\"1200\" \/>\n\t<meta property=\"og:image:height\" content=\"554\" \/>\n\t<meta property=\"og:image:type\" content=\"image\/jpeg\" \/>\n<meta name=\"twitter:card\" content=\"summary_large_image\" \/>\n<meta name=\"twitter:image\" content=\"https:\/\/www.blagnacartsmartiaux.fr\/site\/wp-content\/uploads\/2022\/10\/body.jpg\" \/>\n<meta name=\"twitter:site\" content=\"@BlagnacArtsM\" \/>\n<meta name=\"twitter:label1\" content=\"Dur\u00e9e de lecture estim\u00e9e\" \/>\n\t<meta name=\"twitter:data1\" content=\"3 minutes\" \/>\n<script type=\"application\/ld+json\" class=\"yoast-schema-graph\">{\"@context\":\"https:\\\/\\\/schema.org\",\"@graph\":[{\"@type\":\"WebPage\",\"@id\":\"https:\\\/\\\/www.blagnacartsmartiaux.fr\\\/site\\\/karate-blagnac\\\/karate-adultes-a-blagnac\\\/\",\"url\":\"https:\\\/\\\/www.blagnacartsmartiaux.fr\\\/site\\\/karate-blagnac\\\/karate-adultes-a-blagnac\\\/\",\"name\":\"Body Karat\u00e9 \u00e0 Blagnac - Blagnac Arts Martiaux\",\"isPartOf\":{\"@id\":\"https:\\\/\\\/www.blagnacartsmartiaux.fr\\\/site\\\/#website\"},\"primaryImageOfPage\":{\"@id\":\"https:\\\/\\\/www.blagnacartsmartiaux.fr\\\/site\\\/karate-blagnac\\\/karate-adultes-a-blagnac\\\/#primaryimage\"},\"image\":{\"@id\":\"https:\\\/\\\/www.blagnacartsmartiaux.fr\\\/site\\\/karate-blagnac\\\/karate-adultes-a-blagnac\\\/#primaryimage\"},\"thumbnailUrl\":\"https:\\\/\\\/www.blagnacartsmartiaux.fr\\\/site\\\/wp-content\\\/uploads\\\/2022\\\/10\\\/body.webp\",\"datePublished\":\"2021-08-25T09:48:53+00:00\",\"dateModified\":\"2022-10-19T09:14:48+00:00\",\"breadcrumb\":{\"@id\":\"https:\\\/\\\/www.blagnacartsmartiaux.fr\\\/site\\\/karate-blagnac\\\/karate-adultes-a-blagnac\\\/#breadcrumb\"},\"inLanguage\":\"fr-FR\",\"potentialAction\":[{\"@type\":\"ReadAction\",\"target\":[\"https:\\\/\\\/www.blagnacartsmartiaux.fr\\\/site\\\/karate-blagnac\\\/karate-adultes-a-blagnac\\\/\"]}]},{\"@type\":\"ImageObject\",\"inLanguage\":\"fr-FR\",\"@id\":\"https:\\\/\\\/www.blagnacartsmartiaux.fr\\\/site\\\/karate-blagnac\\\/karate-adultes-a-blagnac\\\/#primaryimage\",\"url\":\"https:\\\/\\\/www.blagnacartsmartiaux.fr\\\/site\\\/wp-content\\\/uploads\\\/2022\\\/10\\\/body.webp\",\"contentUrl\":\"https:\\\/\\\/www.blagnacartsmartiaux.fr\\\/site\\\/wp-content\\\/uploads\\\/2022\\\/10\\\/body.webp\",\"width\":1200,\"height\":554},{\"@type\":\"BreadcrumbList\",\"@id\":\"https:\\\/\\\/www.blagnacartsmartiaux.fr\\\/site\\\/karate-blagnac\\\/karate-adultes-a-blagnac\\\/#breadcrumb\",\"itemListElement\":[{\"@type\":\"ListItem\",\"position\":1,\"name\":\"Accueil\",\"item\":\"https:\\\/\\\/www.blagnacartsmartiaux.fr\\\/site\\\/\"},{\"@type\":\"ListItem\",\"position\":2,\"name\":\"Karat\u00e9 Adultes \u00e0 Blagnac avec Lionel Froidure\",\"item\":\"https:\\\/\\\/www.blagnacartsmartiaux.fr\\\/site\\\/karate-blagnac\\\/\"},{\"@type\":\"ListItem\",\"position\":3,\"name\":\"Body Karat\u00e9 \u00e0 Blagnac\"}]},{\"@type\":\"WebSite\",\"@id\":\"https:\\\/\\\/www.blagnacartsmartiaux.fr\\\/site\\\/#website\",\"url\":\"https:\\\/\\\/www.blagnacartsmartiaux.fr\\\/site\\\/\",\"name\":\"Blagnac Arts Martiaux\",\"description\":\"Le club de Judo, Karat\u00e9, Jujitsu, Arnis Kali et Self D\u00e9fense sur Blagnac\",\"publisher\":{\"@id\":\"https:\\\/\\\/www.blagnacartsmartiaux.fr\\\/site\\\/#organization\"},\"potentialAction\":[{\"@type\":\"SearchAction\",\"target\":{\"@type\":\"EntryPoint\",\"urlTemplate\":\"https:\\\/\\\/www.blagnacartsmartiaux.fr\\\/site\\\/?s={search_term_string}\"},\"query-input\":{\"@type\":\"PropertyValueSpecification\",\"valueRequired\":true,\"valueName\":\"search_term_string\"}}],\"inLanguage\":\"fr-FR\"},{\"@type\":\"Organization\",\"@id\":\"https:\\\/\\\/www.blagnacartsmartiaux.fr\\\/site\\\/#organization\",\"name\":\"Blagnac Arts Martiaux\",\"url\":\"https:\\\/\\\/www.blagnacartsmartiaux.fr\\\/site\\\/\",\"logo\":{\"@type\":\"ImageObject\",\"inLanguage\":\"fr-FR\",\"@id\":\"https:\\\/\\\/www.blagnacartsmartiaux.fr\\\/site\\\/#\\\/schema\\\/logo\\\/image\\\/\",\"url\":\"https:\\\/\\\/www.blagnacartsmartiaux.fr\\\/site\\\/wp-content\\\/uploads\\\/2020\\\/05\\\/cropped-bam-wide.png\",\"contentUrl\":\"https:\\\/\\\/www.blagnacartsmartiaux.fr\\\/site\\\/wp-content\\\/uploads\\\/2020\\\/05\\\/cropped-bam-wide.png\",\"width\":180,\"height\":60,\"caption\":\"Blagnac Arts Martiaux\"},\"image\":{\"@id\":\"https:\\\/\\\/www.blagnacartsmartiaux.fr\\\/site\\\/#\\\/schema\\\/logo\\\/image\\\/\"},\"sameAs\":[\"https:\\\/\\\/www.facebook.com\\\/BlagnacArtsMartiaux\",\"https:\\\/\\\/x.com\\\/BlagnacArtsM\"]}]}<\/script>\n<!-- \/ Yoast SEO plugin. -->","yoast_head_json":{"title":"Body Karat\u00e9 \u00e0 Blagnac - Blagnac Arts Martiaux","robots":{"index":"index","follow":"follow","max-snippet":"max-snippet:-1","max-image-preview":"max-image-preview:large","max-video-preview":"max-video-preview:-1"},"canonical":"https:\/\/www.blagnacartsmartiaux.fr\/site\/karate-blagnac\/karate-adultes-a-blagnac\/","og_locale":"fr_FR","og_type":"article","og_title":"Body Karat\u00e9 \u00e0 Blagnac - Blagnac Arts Martiaux","og_description":"Cours de karat\u00e9 dispens\u00e9 le samedi matin de 11h30 \u00e0 12h30 par Florence GOURMELON. Le Body Karat\u00e9 est une discipline associant techniques de karat\u00e9 ( pieds, poings et diverses techniques de combat) chor\u00e9graphi\u00e9es en rythme sur de la musique dynamique, moderne, ludique et motivante. Il s\u2019agit d\u2019une pratique sportive qui se pratique en musique dans [&hellip;]","og_url":"https:\/\/www.blagnacartsmartiaux.fr\/site\/karate-blagnac\/karate-adultes-a-blagnac\/","og_site_name":"Blagnac Arts Martiaux","article_publisher":"https:\/\/www.facebook.com\/BlagnacArtsMartiaux","article_modified_time":"2022-10-19T09:14:48+00:00","og_image":[{"width":1200,"height":554,"url":"https:\/\/www.blagnacartsmartiaux.fr\/site\/wp-content\/uploads\/2022\/10\/body.jpg","type":"image\/jpeg"}],"twitter_card":"summary_large_image","twitter_image":"https:\/\/www.blagnacartsmartiaux.fr\/site\/wp-content\/uploads\/2022\/10\/body.jpg","twitter_site":"@BlagnacArtsM","twitter_misc":{"Dur\u00e9e de lecture estim\u00e9e":"3 minutes"},"schema":{"@context":"https:\/\/schema.org","@graph":[{"@type":"WebPage","@id":"https:\/\/www.blagnacartsmartiaux.fr\/site\/karate-blagnac\/karate-adultes-a-blagnac\/","url":"https:\/\/www.blagnacartsmartiaux.fr\/site\/karate-blagnac\/karate-adultes-a-blagnac\/","name":"Body Karat\u00e9 \u00e0 Blagnac - Blagnac Arts Martiaux","isPartOf":{"@id":"https:\/\/www.blagnacartsmartiaux.fr\/site\/#website"},"primaryImageOfPage":{"@id":"https:\/\/www.blagnacartsmartiaux.fr\/site\/karate-blagnac\/karate-adultes-a-blagnac\/#primaryimage"},"image":{"@id":"https:\/\/www.blagnacartsmartiaux.fr\/site\/karate-blagnac\/karate-adultes-a-blagnac\/#primaryimage"},"thumbnailUrl":"https:\/\/www.blagnacartsmartiaux.fr\/site\/wp-content\/uploads\/2022\/10\/body.webp","datePublished":"2021-08-25T09:48:53+00:00","dateModified":"2022-10-19T09:14:48+00:00","breadcrumb":{"@id":"https:\/\/www.blagnacartsmartiaux.fr\/site\/karate-blagnac\/karate-adultes-a-blagnac\/#breadcrumb"},"inLanguage":"fr-FR","potentialAction":[{"@type":"ReadAction","target":["https:\/\/www.blagnacartsmartiaux.fr\/site\/karate-blagnac\/karate-adultes-a-blagnac\/"]}]},{"@type":"ImageObject","inLanguage":"fr-FR","@id":"https:\/\/www.blagnacartsmartiaux.fr\/site\/karate-blagnac\/karate-adultes-a-blagnac\/#primaryimage","url":"https:\/\/www.blagnacartsmartiaux.fr\/site\/wp-content\/uploads\/2022\/10\/body.webp","contentUrl":"https:\/\/www.blagnacartsmartiaux.fr\/site\/wp-content\/uploads\/2022\/10\/body.webp","width":1200,"height":554},{"@type":"BreadcrumbList","@id":"https:\/\/www.blagnacartsmartiaux.fr\/site\/karate-blagnac\/karate-adultes-a-blagnac\/#breadcrumb","itemListElement":[{"@type":"ListItem","position":1,"name":"Accueil","item":"https:\/\/www.blagnacartsmartiaux.fr\/site\/"},{"@type":"ListItem","position":2,"name":"Karat\u00e9 Adultes \u00e0 Blagnac avec Lionel Froidure","item":"https:\/\/www.blagnacartsmartiaux.fr\/site\/karate-blagnac\/"},{"@type":"ListItem","position":3,"name":"Body Karat\u00e9 \u00e0 Blagnac"}]},{"@type":"WebSite","@id":"https:\/\/www.blagnacartsmartiaux.fr\/site\/#website","url":"https:\/\/www.blagnacartsmartiaux.fr\/site\/","name":"Blagnac Arts Martiaux","description":"Le club de Judo, Karat\u00e9, Jujitsu, Arnis Kali et Self D\u00e9fense sur Blagnac","publisher":{"@id":"https:\/\/www.blagnacartsmartiaux.fr\/site\/#organization"},"potentialAction":[{"@type":"SearchAction","target":{"@type":"EntryPoint","urlTemplate":"https:\/\/www.blagnacartsmartiaux.fr\/site\/?s={search_term_string}"},"query-input":{"@type":"PropertyValueSpecification","valueRequired":true,"valueName":"search_term_string"}}],"inLanguage":"fr-FR"},{"@type":"Organization","@id":"https:\/\/www.blagnacartsmartiaux.fr\/site\/#organization","name":"Blagnac Arts Martiaux","url":"https:\/\/www.blagnacartsmartiaux.fr\/site\/","logo":{"@type":"ImageObject","inLanguage":"fr-FR","@id":"https:\/\/www.blagnacartsmartiaux.fr\/site\/#\/schema\/logo\/image\/","url":"https:\/\/www.blagnacartsmartiaux.fr\/site\/wp-content\/uploads\/2020\/05\/cropped-bam-wide.png","contentUrl":"https:\/\/www.blagnacartsmartiaux.fr\/site\/wp-content\/uploads\/2020\/05\/cropped-bam-wide.png","width":180,"height":60,"caption":"Blagnac Arts Martiaux"},"image":{"@id":"https:\/\/www.blagnacartsmartiaux.fr\/site\/#\/schema\/logo\/image\/"},"sameAs":["https:\/\/www.facebook.com\/BlagnacArtsMartiaux","https:\/\/x.com\/BlagnacArtsM"]}]}},"_links":{"self":[{"href":"https:\/\/www.blagnacartsmartiaux.fr\/site\/wp-json\/wp\/v2\/pages\/3749","targetHints":{"allow":["GET"]}}],"collection":[{"href":"https:\/\/www.blagnacartsmartiaux.fr\/site\/wp-json\/wp\/v2\/pages"}],"about":[{"href":"https:\/\/www.blagnacartsmartiaux.fr\/site\/wp-json\/wp\/v2\/types\/page"}],"author":[{"embeddable":true,"href":"https:\/\/www.blagnacartsmartiaux.fr\/site\/wp-json\/wp\/v2\/users\/2"}],"replies":[{"embeddable":true,"href":"https:\/\/www.blagnacartsmartiaux.fr\/site\/wp-json\/wp\/v2\/comments?post=3749"}],"version-history":[{"count":16,"href":"https:\/\/www.blagnacartsmartiaux.fr\/site\/wp-json\/wp\/v2\/pages\/3749\/revisions"}],"predecessor-version":[{"id":5047,"href":"https:\/\/www.blagnacartsmartiaux.fr\/site\/wp-json\/wp\/v2\/pages\/3749\/revisions\/5047"}],"up":[{"embeddable":true,"href":"https:\/\/www.blagnacartsmartiaux.fr\/site\/wp-json\/wp\/v2\/pages\/2160"}],"wp:featuredmedia":[{"embeddable":true,"href":"https:\/\/www.blagnacartsmartiaux.fr\/site\/wp-json\/wp\/v2\/media\/5044"}],"wp:attachment":[{"href":"https:\/\/www.blagnacartsmartiaux.fr\/site\/wp-json\/wp\/v2\/media?parent=3749"}],"curies":[{"name":"wp","href":"https:\/\/api.w.org\/{rel}","templated":true}]}}