{"id":4279,"date":"2025-09-05T22:40:05","date_gmt":"2025-09-05T20:40:05","guid":{"rendered":"http:\/\/www.blagnacartsmartiaux.fr\/site\/?page_id=4279"},"modified":"2025-09-22T16:33:09","modified_gmt":"2025-09-22T14:33:09","slug":"judo-adultes-a-blagnac","status":"publish","type":"page","link":"https:\/\/www.blagnacartsmartiaux.fr\/site\/judo\/judo-adultes-a-blagnac\/","title":{"rendered":"Judo Adultes \u00e0 Blagnac"},"content":{"rendered":"\n<p>Les <strong>cours de Judo<\/strong> adultes au Blagnac Arts Martiaux sont accessibles \u00e0 partir de 14 ans, sont dispens\u00e9s les lundi et mercredi soir, les mardi et jeudi sur la pause d\u00e9jeuner et sont assur\u00e9s par un professeur dipl\u00f4m\u00e9 d\u2019Etat : Tanguy <strong>GRIFFAULT<\/strong>.<\/p>\n\n\n\n<p class=\"has-text-align-center has-light-green-cyan-background-color has-background\">Cours d&rsquo;essai gratuit &#8211; <a href=\"https:\/\/www.blagnacartsmartiaux.fr\/site\/inscription\/\">voir les modalit\u00e9s<\/a><\/p>\n\n\n\n<p>Ils orientent leurs cours autour de l\u2019initiation et du perfectionnement technique et accompagnent les judokas qui le souhaitent en comp\u00e9tition.<\/p>\n\n\n\n<h4 class=\"wp-block-heading\">Les cours de judo en d\u00e9tail<\/h4>\n\n\n\n<p>L\u2019entra\u00eenement des \u00ab ado-adultes \u00bb a plusieurs buts. En effet, les adh\u00e9rents sont mixtes de par leur niveau et leurs objectifs ; certains recherchent le loisir, d\u2019autres sont l\u00e0 pour faire du sport, <strong>se maintenir en forme<\/strong> et d\u2019autres sont davantage tourn\u00e9s vers la comp\u00e9tition. Le contenu des entra\u00eenements est donc adapt\u00e9 pour chacun afin que tous les adh\u00e9rents trouvent leur place au sein du club.<\/p>\n\n\n\n<p>De plus, chaque professeur ayant sa sensibilit\u00e9, il\/elle marque son cours de son empreinte. Ainsi certains entra\u00eenements seront plus intenses physiquement (avec plus d\u2019opposition) et d\u2019autres plus orient\u00e9s technique et pr\u00e9cision du geste par exemple.<\/p>\n\n\n\n<p>Suivant le principe d\u2019entraide et prosp\u00e9rit\u00e9 mutuelle, le lundi comme le mercredi, durant les 30 premi\u00e8res minutes des cours adultes, les plus grands parmi les 10-13ans du cours qui pr\u00e9c\u00e8de sont invit\u00e9s \u00e0 rester. C\u2019est l\u2019occasion pour eux de \u201ctravailler avec les grands\u201d et, pour les adultes, de partager leur exp\u00e9rience.<\/p>\n\n\n\n<figure class=\"wp-block-image size-full is-resized is-style-default\"><img fetchpriority=\"high\" decoding=\"async\" width=\"800\" height=\"640\" src=\"https:\/\/www.blagnacartsmartiaux.fr\/site\/wp-content\/uploads\/2022\/06\/judo-demo-1.webp\" alt=\"\" class=\"wp-image-4829\" style=\"width:400px;height:320px\" srcset=\"https:\/\/www.blagnacartsmartiaux.fr\/site\/wp-content\/uploads\/2022\/06\/judo-demo-1.webp 800w, https:\/\/www.blagnacartsmartiaux.fr\/site\/wp-content\/uploads\/2022\/06\/judo-demo-1-300x240.webp 300w, https:\/\/www.blagnacartsmartiaux.fr\/site\/wp-content\/uploads\/2022\/06\/judo-demo-1-768x614.webp 768w\" sizes=\"(max-width: 800px) 100vw, 800px\" \/><\/figure>\n\n\n\n<h4 class=\"wp-block-heading\">Le judo loisir<\/h4>\n\n\n\n<p>Le <strong>judo <\/strong>est accessible aux judokas qui viennent pour le plaisir, pour se maintenir en forme physique, sans d\u00e9sir de s\u2019aligner en comp\u00e9tition. Ils ne sont pas s\u00e9par\u00e9s des comp\u00e9titeurs pendant les entra\u00eenements, cependant le professeur prendra le soin de diminuer l\u2019intensit\u00e9 des exercices quand ce sera n\u00e9cessaire et de leur octroyer plus de temps de r\u00e9cup\u00e9ration que les autres.<\/p>\n\n\n\n<p>Il s\u2019agit essentiellement d\u2019une adaptation au cas par cas des sportifs sur le contenu de l\u2019entra\u00eenement car tous les pratiquants doivent retrouver leurs objectifs \u00e0 l\u2019int\u00e9rieur des enseignements.<\/p>\n\n\n\n<h4 class=\"wp-block-heading\">Le judo en comp\u00e9tition<\/h4>\n\n\n\n<p>Pratiquer le judo en comp\u00e9tition est possible ; les professeurs du club sont disponibles pour discuter avec les judokas de leur niveau, leurs objectifs, choisir les comp\u00e9titions les plus pertinentes et les accompagner pour qu\u2019ils r\u00e9ussissent au mieux.<\/p>\n\n\n\n<h4 class=\"wp-block-heading\">Les cours de technique judo<\/h4>\n\n\n\n<p>Des cours techniques de judo sont aussi dispens\u00e9s. Ils sont sp\u00e9cifiques et permettent aux judokas de parfaire leur technique, de s\u2019initier ou d\u2019approfondir la partie katas et\/ou de pr\u00e9parer les passages de grades techniques. Il y a un cr\u00e9neau permanent le mercredi soir et sur demande, avant un passage de grade par exemple, un cr\u00e9neau additionnel peut \u00eatre ajout\u00e9 le mardi soir.<\/p>\n\n\n\n<h2 class=\"wp-block-heading\"><a href=\"https:\/\/www.blagnacartsmartiaux.fr\/site\/horaires\/\">Les horaires du judo adultes<\/a><\/h2>\n\n\n\n<p>Il existe de nombreux cours de judo adultes \u00e0 Blagnac, afin de permettre au plus grand nombre de judokas de pratiquer, les voil\u00e0 en d\u00e9tail : <a href=\"https:\/\/www.blagnacartsmartiaux.fr\/site\/horaires\/\"><strong>Horaires<\/strong><\/a><\/p>\n\n\n\n<figure class=\"wp-block-image size-large\"><img decoding=\"async\" width=\"1024\" height=\"708\" src=\"https:\/\/www.blagnacartsmartiaux.fr\/site\/wp-content\/uploads\/2025\/09\/judo-adulte-photo-1024x708.jpg\" alt=\"\" class=\"wp-image-5750\" srcset=\"https:\/\/www.blagnacartsmartiaux.fr\/site\/wp-content\/uploads\/2025\/09\/judo-adulte-photo-1024x708.jpg 1024w, https:\/\/www.blagnacartsmartiaux.fr\/site\/wp-content\/uploads\/2025\/09\/judo-adulte-photo-300x207.jpg 300w, https:\/\/www.blagnacartsmartiaux.fr\/site\/wp-content\/uploads\/2025\/09\/judo-adulte-photo-768x531.jpg 768w, https:\/\/www.blagnacartsmartiaux.fr\/site\/wp-content\/uploads\/2025\/09\/judo-adulte-photo.jpg 1041w\" sizes=\"(max-width: 1024px) 100vw, 1024px\" \/><\/figure>\n","protected":false},"excerpt":{"rendered":"<p>Les cours de Judo adultes au Blagnac Arts Martiaux sont accessibles \u00e0 partir de 14 ans, sont dispens\u00e9s les lundi et mercredi soir, les mardi et jeudi sur la pause d\u00e9jeuner et sont assur\u00e9s par un professeur dipl\u00f4m\u00e9 d\u2019Etat : Tanguy GRIFFAULT. Cours d&rsquo;essai gratuit &#8211; voir les modalit\u00e9s Ils orientent leurs cours autour de [&hellip;]<\/p>\n","protected":false},"author":1,"featured_media":4266,"parent":1433,"menu_order":0,"comment_status":"closed","ping_status":"closed","template":"","meta":{"site-sidebar-layout":"default","site-content-layout":"default","ast-site-content-layout":"default","site-content-style":"default","site-sidebar-style":"default","ast-global-header-display":"","ast-banner-title-visibility":"","ast-main-header-display":"","ast-hfb-above-header-display":"","ast-hfb-below-header-display":"","ast-hfb-mobile-header-display":"","site-post-title":"","ast-breadcrumbs-content":"","ast-featured-img":"disabled","footer-sml-layout":"","ast-disable-related-posts":"","theme-transparent-header-meta":"default","adv-header-id-meta":"","stick-header-meta":"","header-above-stick-meta":"","header-main-stick-meta":"","header-below-stick-meta":"","astra-migrate-meta-layouts":"set","ast-page-background-enabled":"default","ast-page-background-meta":{"desktop":{"background-color":"","background-image":"","background-repeat":"repeat","background-position":"center center","background-size":"auto","background-attachment":"scroll","background-type":"","background-media":"","overlay-type":"","overlay-color":"","overlay-opacity":"","overlay-gradient":""},"tablet":{"background-color":"","background-image":"","background-repeat":"repeat","background-position":"center center","background-size":"auto","background-attachment":"scroll","background-type":"","background-media":"","overlay-type":"","overlay-color":"","overlay-opacity":"","overlay-gradient":""},"mobile":{"background-color":"","background-image":"","background-repeat":"repeat","background-position":"center center","background-size":"auto","background-attachment":"scroll","background-type":"","background-media":"","overlay-type":"","overlay-color":"","overlay-opacity":"","overlay-gradient":""}},"ast-content-background-meta":{"desktop":{"background-color":"var(--ast-global-color-5)","background-image":"","background-repeat":"repeat","background-position":"center center","background-size":"auto","background-attachment":"scroll","background-type":"","background-media":"","overlay-type":"","overlay-color":"","overlay-opacity":"","overlay-gradient":""},"tablet":{"background-color":"var(--ast-global-color-5)","background-image":"","background-repeat":"repeat","background-position":"center center","background-size":"auto","background-attachment":"scroll","background-type":"","background-media":"","overlay-type":"","overlay-color":"","overlay-opacity":"","overlay-gradient":""},"mobile":{"background-color":"var(--ast-global-color-5)","background-image":"","background-repeat":"repeat","background-position":"center center","background-size":"auto","background-attachment":"scroll","background-type":"","background-media":"","overlay-type":"","overlay-color":"","overlay-opacity":"","overlay-gradient":""}},"footnotes":""},"class_list":["post-4279","page","type-page","status-publish","has-post-thumbnail","hentry"],"yoast_head":"<!-- This site is optimized with the Yoast SEO plugin v27.5 - https:\/\/yoast.com\/product\/yoast-seo-wordpress\/ -->\n<title>Judo Adultes \u00e0 Blagnac - Blagnac Arts Martiaux<\/title>\n<meta name=\"robots\" content=\"index, follow, max-snippet:-1, max-image-preview:large, max-video-preview:-1\" \/>\n<link rel=\"canonical\" href=\"https:\/\/www.blagnacartsmartiaux.fr\/site\/judo\/judo-adultes-a-blagnac\/\" \/>\n<meta property=\"og:locale\" content=\"fr_FR\" \/>\n<meta property=\"og:type\" content=\"article\" \/>\n<meta property=\"og:title\" content=\"Judo Adultes \u00e0 Blagnac - Blagnac Arts Martiaux\" \/>\n<meta property=\"og:description\" content=\"Les cours de Judo adultes au Blagnac Arts Martiaux sont accessibles \u00e0 partir de 14 ans, sont dispens\u00e9s les lundi et mercredi soir, les mardi et jeudi sur la pause d\u00e9jeuner et sont assur\u00e9s par un professeur dipl\u00f4m\u00e9 d\u2019Etat : Tanguy GRIFFAULT. Cours d&rsquo;essai gratuit &#8211; voir les modalit\u00e9s Ils orientent leurs cours autour de [&hellip;]\" \/>\n<meta property=\"og:url\" content=\"https:\/\/www.blagnacartsmartiaux.fr\/site\/judo\/judo-adultes-a-blagnac\/\" \/>\n<meta property=\"og:site_name\" content=\"Blagnac Arts Martiaux\" \/>\n<meta property=\"article:publisher\" content=\"https:\/\/www.facebook.com\/BlagnacArtsMartiaux\" \/>\n<meta property=\"article:modified_time\" content=\"2025-09-22T14:33:09+00:00\" \/>\n<meta property=\"og:image\" content=\"https:\/\/www.blagnacartsmartiaux.fr\/site\/wp-content\/uploads\/2022\/06\/judo-kids.jpg\" \/>\n\t<meta property=\"og:image:width\" content=\"1024\" \/>\n\t<meta property=\"og:image:height\" content=\"517\" \/>\n\t<meta property=\"og:image:type\" content=\"image\/jpeg\" \/>\n<meta name=\"twitter:card\" content=\"summary_large_image\" \/>\n<meta name=\"twitter:image\" content=\"https:\/\/www.blagnacartsmartiaux.fr\/site\/wp-content\/uploads\/2022\/06\/judo-kids.jpg\" \/>\n<meta name=\"twitter:site\" content=\"@BlagnacArtsM\" \/>\n<meta name=\"twitter:label1\" content=\"Dur\u00e9e de lecture estim\u00e9e\" \/>\n\t<meta name=\"twitter:data1\" content=\"3 minutes\" \/>\n<script type=\"application\/ld+json\" class=\"yoast-schema-graph\">{\"@context\":\"https:\\\/\\\/schema.org\",\"@graph\":[{\"@type\":\"WebPage\",\"@id\":\"https:\\\/\\\/www.blagnacartsmartiaux.fr\\\/site\\\/judo\\\/judo-adultes-a-blagnac\\\/\",\"url\":\"https:\\\/\\\/www.blagnacartsmartiaux.fr\\\/site\\\/judo\\\/judo-adultes-a-blagnac\\\/\",\"name\":\"Judo Adultes \u00e0 Blagnac - Blagnac Arts Martiaux\",\"isPartOf\":{\"@id\":\"https:\\\/\\\/www.blagnacartsmartiaux.fr\\\/site\\\/#website\"},\"primaryImageOfPage\":{\"@id\":\"https:\\\/\\\/www.blagnacartsmartiaux.fr\\\/site\\\/judo\\\/judo-adultes-a-blagnac\\\/#primaryimage\"},\"image\":{\"@id\":\"https:\\\/\\\/www.blagnacartsmartiaux.fr\\\/site\\\/judo\\\/judo-adultes-a-blagnac\\\/#primaryimage\"},\"thumbnailUrl\":\"https:\\\/\\\/www.blagnacartsmartiaux.fr\\\/site\\\/wp-content\\\/uploads\\\/2022\\\/06\\\/judo-kids.jpg\",\"datePublished\":\"2025-09-05T20:40:05+00:00\",\"dateModified\":\"2025-09-22T14:33:09+00:00\",\"breadcrumb\":{\"@id\":\"https:\\\/\\\/www.blagnacartsmartiaux.fr\\\/site\\\/judo\\\/judo-adultes-a-blagnac\\\/#breadcrumb\"},\"inLanguage\":\"fr-FR\",\"potentialAction\":[{\"@type\":\"ReadAction\",\"target\":[\"https:\\\/\\\/www.blagnacartsmartiaux.fr\\\/site\\\/judo\\\/judo-adultes-a-blagnac\\\/\"]}]},{\"@type\":\"ImageObject\",\"inLanguage\":\"fr-FR\",\"@id\":\"https:\\\/\\\/www.blagnacartsmartiaux.fr\\\/site\\\/judo\\\/judo-adultes-a-blagnac\\\/#primaryimage\",\"url\":\"https:\\\/\\\/www.blagnacartsmartiaux.fr\\\/site\\\/wp-content\\\/uploads\\\/2022\\\/06\\\/judo-kids.jpg\",\"contentUrl\":\"https:\\\/\\\/www.blagnacartsmartiaux.fr\\\/site\\\/wp-content\\\/uploads\\\/2022\\\/06\\\/judo-kids.jpg\",\"width\":1024,\"height\":517},{\"@type\":\"BreadcrumbList\",\"@id\":\"https:\\\/\\\/www.blagnacartsmartiaux.fr\\\/site\\\/judo\\\/judo-adultes-a-blagnac\\\/#breadcrumb\",\"itemListElement\":[{\"@type\":\"ListItem\",\"position\":1,\"name\":\"Accueil\",\"item\":\"https:\\\/\\\/www.blagnacartsmartiaux.fr\\\/site\\\/\"},{\"@type\":\"ListItem\",\"position\":2,\"name\":\"Judo\",\"item\":\"https:\\\/\\\/www.blagnacartsmartiaux.fr\\\/site\\\/judo\\\/\"},{\"@type\":\"ListItem\",\"position\":3,\"name\":\"Judo Adultes \u00e0 Blagnac\"}]},{\"@type\":\"WebSite\",\"@id\":\"https:\\\/\\\/www.blagnacartsmartiaux.fr\\\/site\\\/#website\",\"url\":\"https:\\\/\\\/www.blagnacartsmartiaux.fr\\\/site\\\/\",\"name\":\"Blagnac Arts Martiaux\",\"description\":\"Le club de Judo, Karat\u00e9, Jujitsu, Arnis Kali et Self D\u00e9fense sur Blagnac\",\"publisher\":{\"@id\":\"https:\\\/\\\/www.blagnacartsmartiaux.fr\\\/site\\\/#organization\"},\"potentialAction\":[{\"@type\":\"SearchAction\",\"target\":{\"@type\":\"EntryPoint\",\"urlTemplate\":\"https:\\\/\\\/www.blagnacartsmartiaux.fr\\\/site\\\/?s={search_term_string}\"},\"query-input\":{\"@type\":\"PropertyValueSpecification\",\"valueRequired\":true,\"valueName\":\"search_term_string\"}}],\"inLanguage\":\"fr-FR\"},{\"@type\":\"Organization\",\"@id\":\"https:\\\/\\\/www.blagnacartsmartiaux.fr\\\/site\\\/#organization\",\"name\":\"Blagnac Arts Martiaux\",\"url\":\"https:\\\/\\\/www.blagnacartsmartiaux.fr\\\/site\\\/\",\"logo\":{\"@type\":\"ImageObject\",\"inLanguage\":\"fr-FR\",\"@id\":\"https:\\\/\\\/www.blagnacartsmartiaux.fr\\\/site\\\/#\\\/schema\\\/logo\\\/image\\\/\",\"url\":\"https:\\\/\\\/www.blagnacartsmartiaux.fr\\\/site\\\/wp-content\\\/uploads\\\/2020\\\/05\\\/cropped-bam-wide.png\",\"contentUrl\":\"https:\\\/\\\/www.blagnacartsmartiaux.fr\\\/site\\\/wp-content\\\/uploads\\\/2020\\\/05\\\/cropped-bam-wide.png\",\"width\":180,\"height\":60,\"caption\":\"Blagnac Arts Martiaux\"},\"image\":{\"@id\":\"https:\\\/\\\/www.blagnacartsmartiaux.fr\\\/site\\\/#\\\/schema\\\/logo\\\/image\\\/\"},\"sameAs\":[\"https:\\\/\\\/www.facebook.com\\\/BlagnacArtsMartiaux\",\"https:\\\/\\\/x.com\\\/BlagnacArtsM\"]}]}<\/script>\n<!-- \/ Yoast SEO plugin. -->","yoast_head_json":{"title":"Judo Adultes \u00e0 Blagnac - Blagnac Arts Martiaux","robots":{"index":"index","follow":"follow","max-snippet":"max-snippet:-1","max-image-preview":"max-image-preview:large","max-video-preview":"max-video-preview:-1"},"canonical":"https:\/\/www.blagnacartsmartiaux.fr\/site\/judo\/judo-adultes-a-blagnac\/","og_locale":"fr_FR","og_type":"article","og_title":"Judo Adultes \u00e0 Blagnac - Blagnac Arts Martiaux","og_description":"Les cours de Judo adultes au Blagnac Arts Martiaux sont accessibles \u00e0 partir de 14 ans, sont dispens\u00e9s les lundi et mercredi soir, les mardi et jeudi sur la pause d\u00e9jeuner et sont assur\u00e9s par un professeur dipl\u00f4m\u00e9 d\u2019Etat : Tanguy GRIFFAULT. Cours d&rsquo;essai gratuit &#8211; voir les modalit\u00e9s Ils orientent leurs cours autour de [&hellip;]","og_url":"https:\/\/www.blagnacartsmartiaux.fr\/site\/judo\/judo-adultes-a-blagnac\/","og_site_name":"Blagnac Arts Martiaux","article_publisher":"https:\/\/www.facebook.com\/BlagnacArtsMartiaux","article_modified_time":"2025-09-22T14:33:09+00:00","og_image":[{"width":1024,"height":517,"url":"https:\/\/www.blagnacartsmartiaux.fr\/site\/wp-content\/uploads\/2022\/06\/judo-kids.jpg","type":"image\/jpeg"}],"twitter_card":"summary_large_image","twitter_image":"https:\/\/www.blagnacartsmartiaux.fr\/site\/wp-content\/uploads\/2022\/06\/judo-kids.jpg","twitter_site":"@BlagnacArtsM","twitter_misc":{"Dur\u00e9e de lecture estim\u00e9e":"3 minutes"},"schema":{"@context":"https:\/\/schema.org","@graph":[{"@type":"WebPage","@id":"https:\/\/www.blagnacartsmartiaux.fr\/site\/judo\/judo-adultes-a-blagnac\/","url":"https:\/\/www.blagnacartsmartiaux.fr\/site\/judo\/judo-adultes-a-blagnac\/","name":"Judo Adultes \u00e0 Blagnac - Blagnac Arts Martiaux","isPartOf":{"@id":"https:\/\/www.blagnacartsmartiaux.fr\/site\/#website"},"primaryImageOfPage":{"@id":"https:\/\/www.blagnacartsmartiaux.fr\/site\/judo\/judo-adultes-a-blagnac\/#primaryimage"},"image":{"@id":"https:\/\/www.blagnacartsmartiaux.fr\/site\/judo\/judo-adultes-a-blagnac\/#primaryimage"},"thumbnailUrl":"https:\/\/www.blagnacartsmartiaux.fr\/site\/wp-content\/uploads\/2022\/06\/judo-kids.jpg","datePublished":"2025-09-05T20:40:05+00:00","dateModified":"2025-09-22T14:33:09+00:00","breadcrumb":{"@id":"https:\/\/www.blagnacartsmartiaux.fr\/site\/judo\/judo-adultes-a-blagnac\/#breadcrumb"},"inLanguage":"fr-FR","potentialAction":[{"@type":"ReadAction","target":["https:\/\/www.blagnacartsmartiaux.fr\/site\/judo\/judo-adultes-a-blagnac\/"]}]},{"@type":"ImageObject","inLanguage":"fr-FR","@id":"https:\/\/www.blagnacartsmartiaux.fr\/site\/judo\/judo-adultes-a-blagnac\/#primaryimage","url":"https:\/\/www.blagnacartsmartiaux.fr\/site\/wp-content\/uploads\/2022\/06\/judo-kids.jpg","contentUrl":"https:\/\/www.blagnacartsmartiaux.fr\/site\/wp-content\/uploads\/2022\/06\/judo-kids.jpg","width":1024,"height":517},{"@type":"BreadcrumbList","@id":"https:\/\/www.blagnacartsmartiaux.fr\/site\/judo\/judo-adultes-a-blagnac\/#breadcrumb","itemListElement":[{"@type":"ListItem","position":1,"name":"Accueil","item":"https:\/\/www.blagnacartsmartiaux.fr\/site\/"},{"@type":"ListItem","position":2,"name":"Judo","item":"https:\/\/www.blagnacartsmartiaux.fr\/site\/judo\/"},{"@type":"ListItem","position":3,"name":"Judo Adultes \u00e0 Blagnac"}]},{"@type":"WebSite","@id":"https:\/\/www.blagnacartsmartiaux.fr\/site\/#website","url":"https:\/\/www.blagnacartsmartiaux.fr\/site\/","name":"Blagnac Arts Martiaux","description":"Le club de Judo, Karat\u00e9, Jujitsu, Arnis Kali et Self D\u00e9fense sur Blagnac","publisher":{"@id":"https:\/\/www.blagnacartsmartiaux.fr\/site\/#organization"},"potentialAction":[{"@type":"SearchAction","target":{"@type":"EntryPoint","urlTemplate":"https:\/\/www.blagnacartsmartiaux.fr\/site\/?s={search_term_string}"},"query-input":{"@type":"PropertyValueSpecification","valueRequired":true,"valueName":"search_term_string"}}],"inLanguage":"fr-FR"},{"@type":"Organization","@id":"https:\/\/www.blagnacartsmartiaux.fr\/site\/#organization","name":"Blagnac Arts Martiaux","url":"https:\/\/www.blagnacartsmartiaux.fr\/site\/","logo":{"@type":"ImageObject","inLanguage":"fr-FR","@id":"https:\/\/www.blagnacartsmartiaux.fr\/site\/#\/schema\/logo\/image\/","url":"https:\/\/www.blagnacartsmartiaux.fr\/site\/wp-content\/uploads\/2020\/05\/cropped-bam-wide.png","contentUrl":"https:\/\/www.blagnacartsmartiaux.fr\/site\/wp-content\/uploads\/2020\/05\/cropped-bam-wide.png","width":180,"height":60,"caption":"Blagnac Arts Martiaux"},"image":{"@id":"https:\/\/www.blagnacartsmartiaux.fr\/site\/#\/schema\/logo\/image\/"},"sameAs":["https:\/\/www.facebook.com\/BlagnacArtsMartiaux","https:\/\/x.com\/BlagnacArtsM"]}]}},"_links":{"self":[{"href":"https:\/\/www.blagnacartsmartiaux.fr\/site\/wp-json\/wp\/v2\/pages\/4279","targetHints":{"allow":["GET"]}}],"collection":[{"href":"https:\/\/www.blagnacartsmartiaux.fr\/site\/wp-json\/wp\/v2\/pages"}],"about":[{"href":"https:\/\/www.blagnacartsmartiaux.fr\/site\/wp-json\/wp\/v2\/types\/page"}],"author":[{"embeddable":true,"href":"https:\/\/www.blagnacartsmartiaux.fr\/site\/wp-json\/wp\/v2\/users\/1"}],"replies":[{"embeddable":true,"href":"https:\/\/www.blagnacartsmartiaux.fr\/site\/wp-json\/wp\/v2\/comments?post=4279"}],"version-history":[{"count":10,"href":"https:\/\/www.blagnacartsmartiaux.fr\/site\/wp-json\/wp\/v2\/pages\/4279\/revisions"}],"predecessor-version":[{"id":5757,"href":"https:\/\/www.blagnacartsmartiaux.fr\/site\/wp-json\/wp\/v2\/pages\/4279\/revisions\/5757"}],"up":[{"embeddable":true,"href":"https:\/\/www.blagnacartsmartiaux.fr\/site\/wp-json\/wp\/v2\/pages\/1433"}],"wp:featuredmedia":[{"embeddable":true,"href":"https:\/\/www.blagnacartsmartiaux.fr\/site\/wp-json\/wp\/v2\/media\/4266"}],"wp:attachment":[{"href":"https:\/\/www.blagnacartsmartiaux.fr\/site\/wp-json\/wp\/v2\/media?parent=4279"}],"curies":[{"name":"wp","href":"https:\/\/api.w.org\/{rel}","templated":true}]}}