{"id":4656,"date":"2022-06-22T09:47:12","date_gmt":"2022-06-22T07:47:12","guid":{"rendered":"http:\/\/www.blagnacartsmartiaux.fr\/site\/?page_id=4656"},"modified":"2022-06-22T09:48:15","modified_gmt":"2022-06-22T07:48:15","slug":"histoire-du-jujitsu","status":"publish","type":"page","link":"https:\/\/www.blagnacartsmartiaux.fr\/site\/jujitsu-blagnac\/histoire-du-jujitsu\/","title":{"rendered":"Histoire du Jujitsu"},"content":{"rendered":"\n<p>Le jujitsu est un h\u00e9ritage direct du Japon f\u00e9odal, il rassemble les techniques de combat que les samoura\u00efs utilisaient lorsqu\u2019ils se retrouvaient sans arme sur le champ de bataille. S\u2019il est \u00e9troitement li\u00e9 au judo d\u2019un point de vue historique, il est aujourd\u2019hui \u00e9galement un sport \u00e0 part enti\u00e8re, accessible \u00e0 tous et fond\u00e9 sur le contr\u00f4le de soi et de l\u2019adversaire.<\/p>\n\n\n\n<h3 class=\"wp-block-heading\"><strong>Le Jujitsu, une m\u00e9thode de d\u00e9fense<\/strong><\/h3>\n\n\n\n<p>Spectaculaire et efficace, la pratique du Jujitsu, qui exclut la brutalit\u00e9, vous permet d\u2019am\u00e9liorer votre condition physique et de d\u00e9velopper vos aptitudes \u00e0 r\u00e9pondre \u00e0 toute agression. D\u2019abord propos\u00e9 comme m\u00e9thode de d\u00e9fense personnelle, le Jujitsu permet d\u2019assimiler progressivement l\u2019ensemble des techniques de combat, que ce soient les techniques de frappe (<em>atemi-waza<\/em>), de projection (<em>nage-waza<\/em>) ou de contr\u00f4le (<em>katame-waza<\/em>).<\/p>\n\n\n\n<h3 class=\"wp-block-heading\"><strong>Le Jujitsu, un art du partage<\/strong><\/h3>\n\n\n\n<p>Le r\u00f4le du partenaire, donc le v\u00f4tre, est essentiel, que vous soyez l\u2019attaquant ou l\u2019attaqu\u00e9. Ce sport est avant tout une relation fond\u00e9e sur l\u2019entraide mutuelle, condition essentielle pour la progression. Cet \u00e9change permet, au-del\u00e0 de son c\u00f4t\u00e9 hautement symbolique, une meilleure compr\u00e9hension de chaque geste, de chaque action.<\/p>\n\n\n\n<p class=\"has-medium-font-size\"><strong><a href=\"https:\/\/www.blagnacartsmartiaux.fr\/site\/horaires\/\">VENEZ ESSAYER !<\/a><\/strong><\/p>\n","protected":false},"excerpt":{"rendered":"<p>Le jujitsu est un h\u00e9ritage direct du Japon f\u00e9odal, il rassemble les techniques de combat que les samoura\u00efs utilisaient lorsqu\u2019ils se retrouvaient sans arme sur le champ de bataille. S\u2019il est \u00e9troitement li\u00e9 au judo d\u2019un point de vue historique, il est aujourd\u2019hui \u00e9galement un sport \u00e0 part enti\u00e8re, accessible \u00e0 tous et fond\u00e9 sur [&hellip;]<\/p>\n","protected":false},"author":1,"featured_media":638,"parent":4630,"menu_order":0,"comment_status":"closed","ping_status":"closed","template":"","meta":{"site-sidebar-layout":"default","site-content-layout":"","ast-site-content-layout":"default","site-content-style":"default","site-sidebar-style":"default","ast-global-header-display":"","ast-banner-title-visibility":"","ast-main-header-display":"","ast-hfb-above-header-display":"","ast-hfb-below-header-display":"","ast-hfb-mobile-header-display":"","site-post-title":"","ast-breadcrumbs-content":"","ast-featured-img":"","footer-sml-layout":"","ast-disable-related-posts":"","theme-transparent-header-meta":"","adv-header-id-meta":"","stick-header-meta":"","header-above-stick-meta":"","header-main-stick-meta":"","header-below-stick-meta":"","astra-migrate-meta-layouts":"default","ast-page-background-enabled":"default","ast-page-background-meta":{"desktop":{"background-color":"","background-image":"","background-repeat":"repeat","background-position":"center center","background-size":"auto","background-attachment":"scroll","background-type":"","background-media":"","overlay-type":"","overlay-color":"","overlay-opacity":"","overlay-gradient":""},"tablet":{"background-color":"","background-image":"","background-repeat":"repeat","background-position":"center center","background-size":"auto","background-attachment":"scroll","background-type":"","background-media":"","overlay-type":"","overlay-color":"","overlay-opacity":"","overlay-gradient":""},"mobile":{"background-color":"","background-image":"","background-repeat":"repeat","background-position":"center center","background-size":"auto","background-attachment":"scroll","background-type":"","background-media":"","overlay-type":"","overlay-color":"","overlay-opacity":"","overlay-gradient":""}},"ast-content-background-meta":{"desktop":{"background-color":"var(--ast-global-color-5)","background-image":"","background-repeat":"repeat","background-position":"center center","background-size":"auto","background-attachment":"scroll","background-type":"","background-media":"","overlay-type":"","overlay-color":"","overlay-opacity":"","overlay-gradient":""},"tablet":{"background-color":"var(--ast-global-color-5)","background-image":"","background-repeat":"repeat","background-position":"center center","background-size":"auto","background-attachment":"scroll","background-type":"","background-media":"","overlay-type":"","overlay-color":"","overlay-opacity":"","overlay-gradient":""},"mobile":{"background-color":"var(--ast-global-color-5)","background-image":"","background-repeat":"repeat","background-position":"center center","background-size":"auto","background-attachment":"scroll","background-type":"","background-media":"","overlay-type":"","overlay-color":"","overlay-opacity":"","overlay-gradient":""}},"footnotes":""},"class_list":["post-4656","page","type-page","status-publish","has-post-thumbnail","hentry"],"yoast_head":"<!-- This site is optimized with the Yoast SEO plugin v27.5 - https:\/\/yoast.com\/product\/yoast-seo-wordpress\/ -->\n<title>Histoire du Jujitsu - Blagnac Arts Martiaux<\/title>\n<meta name=\"robots\" content=\"index, follow, max-snippet:-1, max-image-preview:large, max-video-preview:-1\" \/>\n<link rel=\"canonical\" href=\"https:\/\/www.blagnacartsmartiaux.fr\/site\/jujitsu-blagnac\/histoire-du-jujitsu\/\" \/>\n<meta property=\"og:locale\" content=\"fr_FR\" \/>\n<meta property=\"og:type\" content=\"article\" \/>\n<meta property=\"og:title\" content=\"Histoire du Jujitsu - Blagnac Arts Martiaux\" \/>\n<meta property=\"og:description\" content=\"Le jujitsu est un h\u00e9ritage direct du Japon f\u00e9odal, il rassemble les techniques de combat que les samoura\u00efs utilisaient lorsqu\u2019ils se retrouvaient sans arme sur le champ de bataille. S\u2019il est \u00e9troitement li\u00e9 au judo d\u2019un point de vue historique, il est aujourd\u2019hui \u00e9galement un sport \u00e0 part enti\u00e8re, accessible \u00e0 tous et fond\u00e9 sur [&hellip;]\" \/>\n<meta property=\"og:url\" content=\"https:\/\/www.blagnacartsmartiaux.fr\/site\/jujitsu-blagnac\/histoire-du-jujitsu\/\" \/>\n<meta property=\"og:site_name\" content=\"Blagnac Arts Martiaux\" \/>\n<meta property=\"article:publisher\" content=\"https:\/\/www.facebook.com\/BlagnacArtsMartiaux\" \/>\n<meta property=\"article:modified_time\" content=\"2022-06-22T07:48:15+00:00\" \/>\n<meta property=\"og:image\" content=\"https:\/\/www.blagnacartsmartiaux.fr\/site\/wp-content\/uploads\/2014\/09\/jujitsu_kanji-1.gif\" \/>\n\t<meta property=\"og:image:width\" content=\"520\" \/>\n\t<meta property=\"og:image:height\" content=\"505\" \/>\n\t<meta property=\"og:image:type\" content=\"image\/gif\" \/>\n<meta name=\"twitter:card\" content=\"summary_large_image\" \/>\n<meta name=\"twitter:site\" content=\"@BlagnacArtsM\" \/>\n<meta name=\"twitter:label1\" content=\"Dur\u00e9e de lecture estim\u00e9e\" \/>\n\t<meta name=\"twitter:data1\" content=\"1 minute\" \/>\n<script type=\"application\/ld+json\" class=\"yoast-schema-graph\">{\"@context\":\"https:\\\/\\\/schema.org\",\"@graph\":[{\"@type\":\"WebPage\",\"@id\":\"https:\\\/\\\/www.blagnacartsmartiaux.fr\\\/site\\\/jujitsu-blagnac\\\/histoire-du-jujitsu\\\/\",\"url\":\"https:\\\/\\\/www.blagnacartsmartiaux.fr\\\/site\\\/jujitsu-blagnac\\\/histoire-du-jujitsu\\\/\",\"name\":\"Histoire du Jujitsu - Blagnac Arts Martiaux\",\"isPartOf\":{\"@id\":\"https:\\\/\\\/www.blagnacartsmartiaux.fr\\\/site\\\/#website\"},\"primaryImageOfPage\":{\"@id\":\"https:\\\/\\\/www.blagnacartsmartiaux.fr\\\/site\\\/jujitsu-blagnac\\\/histoire-du-jujitsu\\\/#primaryimage\"},\"image\":{\"@id\":\"https:\\\/\\\/www.blagnacartsmartiaux.fr\\\/site\\\/jujitsu-blagnac\\\/histoire-du-jujitsu\\\/#primaryimage\"},\"thumbnailUrl\":\"https:\\\/\\\/www.blagnacartsmartiaux.fr\\\/site\\\/wp-content\\\/uploads\\\/2014\\\/09\\\/jujitsu_kanji-1.gif\",\"datePublished\":\"2022-06-22T07:47:12+00:00\",\"dateModified\":\"2022-06-22T07:48:15+00:00\",\"breadcrumb\":{\"@id\":\"https:\\\/\\\/www.blagnacartsmartiaux.fr\\\/site\\\/jujitsu-blagnac\\\/histoire-du-jujitsu\\\/#breadcrumb\"},\"inLanguage\":\"fr-FR\",\"potentialAction\":[{\"@type\":\"ReadAction\",\"target\":[\"https:\\\/\\\/www.blagnacartsmartiaux.fr\\\/site\\\/jujitsu-blagnac\\\/histoire-du-jujitsu\\\/\"]}]},{\"@type\":\"ImageObject\",\"inLanguage\":\"fr-FR\",\"@id\":\"https:\\\/\\\/www.blagnacartsmartiaux.fr\\\/site\\\/jujitsu-blagnac\\\/histoire-du-jujitsu\\\/#primaryimage\",\"url\":\"https:\\\/\\\/www.blagnacartsmartiaux.fr\\\/site\\\/wp-content\\\/uploads\\\/2014\\\/09\\\/jujitsu_kanji-1.gif\",\"contentUrl\":\"https:\\\/\\\/www.blagnacartsmartiaux.fr\\\/site\\\/wp-content\\\/uploads\\\/2014\\\/09\\\/jujitsu_kanji-1.gif\",\"width\":520,\"height\":505},{\"@type\":\"BreadcrumbList\",\"@id\":\"https:\\\/\\\/www.blagnacartsmartiaux.fr\\\/site\\\/jujitsu-blagnac\\\/histoire-du-jujitsu\\\/#breadcrumb\",\"itemListElement\":[{\"@type\":\"ListItem\",\"position\":1,\"name\":\"Accueil\",\"item\":\"https:\\\/\\\/www.blagnacartsmartiaux.fr\\\/site\\\/\"},{\"@type\":\"ListItem\",\"position\":2,\"name\":\"Jujitsu\",\"item\":\"https:\\\/\\\/www.blagnacartsmartiaux.fr\\\/site\\\/jujitsu-blagnac\\\/\"},{\"@type\":\"ListItem\",\"position\":3,\"name\":\"Histoire du Jujitsu\"}]},{\"@type\":\"WebSite\",\"@id\":\"https:\\\/\\\/www.blagnacartsmartiaux.fr\\\/site\\\/#website\",\"url\":\"https:\\\/\\\/www.blagnacartsmartiaux.fr\\\/site\\\/\",\"name\":\"Blagnac Arts Martiaux\",\"description\":\"Le club de Judo, Karat\u00e9, Jujitsu, Arnis Kali et Self D\u00e9fense sur Blagnac\",\"publisher\":{\"@id\":\"https:\\\/\\\/www.blagnacartsmartiaux.fr\\\/site\\\/#organization\"},\"potentialAction\":[{\"@type\":\"SearchAction\",\"target\":{\"@type\":\"EntryPoint\",\"urlTemplate\":\"https:\\\/\\\/www.blagnacartsmartiaux.fr\\\/site\\\/?s={search_term_string}\"},\"query-input\":{\"@type\":\"PropertyValueSpecification\",\"valueRequired\":true,\"valueName\":\"search_term_string\"}}],\"inLanguage\":\"fr-FR\"},{\"@type\":\"Organization\",\"@id\":\"https:\\\/\\\/www.blagnacartsmartiaux.fr\\\/site\\\/#organization\",\"name\":\"Blagnac Arts Martiaux\",\"url\":\"https:\\\/\\\/www.blagnacartsmartiaux.fr\\\/site\\\/\",\"logo\":{\"@type\":\"ImageObject\",\"inLanguage\":\"fr-FR\",\"@id\":\"https:\\\/\\\/www.blagnacartsmartiaux.fr\\\/site\\\/#\\\/schema\\\/logo\\\/image\\\/\",\"url\":\"https:\\\/\\\/www.blagnacartsmartiaux.fr\\\/site\\\/wp-content\\\/uploads\\\/2020\\\/05\\\/cropped-bam-wide.png\",\"contentUrl\":\"https:\\\/\\\/www.blagnacartsmartiaux.fr\\\/site\\\/wp-content\\\/uploads\\\/2020\\\/05\\\/cropped-bam-wide.png\",\"width\":180,\"height\":60,\"caption\":\"Blagnac Arts Martiaux\"},\"image\":{\"@id\":\"https:\\\/\\\/www.blagnacartsmartiaux.fr\\\/site\\\/#\\\/schema\\\/logo\\\/image\\\/\"},\"sameAs\":[\"https:\\\/\\\/www.facebook.com\\\/BlagnacArtsMartiaux\",\"https:\\\/\\\/x.com\\\/BlagnacArtsM\"]}]}<\/script>\n<!-- \/ Yoast SEO plugin. -->","yoast_head_json":{"title":"Histoire du Jujitsu - Blagnac Arts Martiaux","robots":{"index":"index","follow":"follow","max-snippet":"max-snippet:-1","max-image-preview":"max-image-preview:large","max-video-preview":"max-video-preview:-1"},"canonical":"https:\/\/www.blagnacartsmartiaux.fr\/site\/jujitsu-blagnac\/histoire-du-jujitsu\/","og_locale":"fr_FR","og_type":"article","og_title":"Histoire du Jujitsu - Blagnac Arts Martiaux","og_description":"Le jujitsu est un h\u00e9ritage direct du Japon f\u00e9odal, il rassemble les techniques de combat que les samoura\u00efs utilisaient lorsqu\u2019ils se retrouvaient sans arme sur le champ de bataille. S\u2019il est \u00e9troitement li\u00e9 au judo d\u2019un point de vue historique, il est aujourd\u2019hui \u00e9galement un sport \u00e0 part enti\u00e8re, accessible \u00e0 tous et fond\u00e9 sur [&hellip;]","og_url":"https:\/\/www.blagnacartsmartiaux.fr\/site\/jujitsu-blagnac\/histoire-du-jujitsu\/","og_site_name":"Blagnac Arts Martiaux","article_publisher":"https:\/\/www.facebook.com\/BlagnacArtsMartiaux","article_modified_time":"2022-06-22T07:48:15+00:00","og_image":[{"width":520,"height":505,"url":"https:\/\/www.blagnacartsmartiaux.fr\/site\/wp-content\/uploads\/2014\/09\/jujitsu_kanji-1.gif","type":"image\/gif"}],"twitter_card":"summary_large_image","twitter_site":"@BlagnacArtsM","twitter_misc":{"Dur\u00e9e de lecture estim\u00e9e":"1 minute"},"schema":{"@context":"https:\/\/schema.org","@graph":[{"@type":"WebPage","@id":"https:\/\/www.blagnacartsmartiaux.fr\/site\/jujitsu-blagnac\/histoire-du-jujitsu\/","url":"https:\/\/www.blagnacartsmartiaux.fr\/site\/jujitsu-blagnac\/histoire-du-jujitsu\/","name":"Histoire du Jujitsu - Blagnac Arts Martiaux","isPartOf":{"@id":"https:\/\/www.blagnacartsmartiaux.fr\/site\/#website"},"primaryImageOfPage":{"@id":"https:\/\/www.blagnacartsmartiaux.fr\/site\/jujitsu-blagnac\/histoire-du-jujitsu\/#primaryimage"},"image":{"@id":"https:\/\/www.blagnacartsmartiaux.fr\/site\/jujitsu-blagnac\/histoire-du-jujitsu\/#primaryimage"},"thumbnailUrl":"https:\/\/www.blagnacartsmartiaux.fr\/site\/wp-content\/uploads\/2014\/09\/jujitsu_kanji-1.gif","datePublished":"2022-06-22T07:47:12+00:00","dateModified":"2022-06-22T07:48:15+00:00","breadcrumb":{"@id":"https:\/\/www.blagnacartsmartiaux.fr\/site\/jujitsu-blagnac\/histoire-du-jujitsu\/#breadcrumb"},"inLanguage":"fr-FR","potentialAction":[{"@type":"ReadAction","target":["https:\/\/www.blagnacartsmartiaux.fr\/site\/jujitsu-blagnac\/histoire-du-jujitsu\/"]}]},{"@type":"ImageObject","inLanguage":"fr-FR","@id":"https:\/\/www.blagnacartsmartiaux.fr\/site\/jujitsu-blagnac\/histoire-du-jujitsu\/#primaryimage","url":"https:\/\/www.blagnacartsmartiaux.fr\/site\/wp-content\/uploads\/2014\/09\/jujitsu_kanji-1.gif","contentUrl":"https:\/\/www.blagnacartsmartiaux.fr\/site\/wp-content\/uploads\/2014\/09\/jujitsu_kanji-1.gif","width":520,"height":505},{"@type":"BreadcrumbList","@id":"https:\/\/www.blagnacartsmartiaux.fr\/site\/jujitsu-blagnac\/histoire-du-jujitsu\/#breadcrumb","itemListElement":[{"@type":"ListItem","position":1,"name":"Accueil","item":"https:\/\/www.blagnacartsmartiaux.fr\/site\/"},{"@type":"ListItem","position":2,"name":"Jujitsu","item":"https:\/\/www.blagnacartsmartiaux.fr\/site\/jujitsu-blagnac\/"},{"@type":"ListItem","position":3,"name":"Histoire du Jujitsu"}]},{"@type":"WebSite","@id":"https:\/\/www.blagnacartsmartiaux.fr\/site\/#website","url":"https:\/\/www.blagnacartsmartiaux.fr\/site\/","name":"Blagnac Arts Martiaux","description":"Le club de Judo, Karat\u00e9, Jujitsu, Arnis Kali et Self D\u00e9fense sur Blagnac","publisher":{"@id":"https:\/\/www.blagnacartsmartiaux.fr\/site\/#organization"},"potentialAction":[{"@type":"SearchAction","target":{"@type":"EntryPoint","urlTemplate":"https:\/\/www.blagnacartsmartiaux.fr\/site\/?s={search_term_string}"},"query-input":{"@type":"PropertyValueSpecification","valueRequired":true,"valueName":"search_term_string"}}],"inLanguage":"fr-FR"},{"@type":"Organization","@id":"https:\/\/www.blagnacartsmartiaux.fr\/site\/#organization","name":"Blagnac Arts Martiaux","url":"https:\/\/www.blagnacartsmartiaux.fr\/site\/","logo":{"@type":"ImageObject","inLanguage":"fr-FR","@id":"https:\/\/www.blagnacartsmartiaux.fr\/site\/#\/schema\/logo\/image\/","url":"https:\/\/www.blagnacartsmartiaux.fr\/site\/wp-content\/uploads\/2020\/05\/cropped-bam-wide.png","contentUrl":"https:\/\/www.blagnacartsmartiaux.fr\/site\/wp-content\/uploads\/2020\/05\/cropped-bam-wide.png","width":180,"height":60,"caption":"Blagnac Arts Martiaux"},"image":{"@id":"https:\/\/www.blagnacartsmartiaux.fr\/site\/#\/schema\/logo\/image\/"},"sameAs":["https:\/\/www.facebook.com\/BlagnacArtsMartiaux","https:\/\/x.com\/BlagnacArtsM"]}]}},"_links":{"self":[{"href":"https:\/\/www.blagnacartsmartiaux.fr\/site\/wp-json\/wp\/v2\/pages\/4656","targetHints":{"allow":["GET"]}}],"collection":[{"href":"https:\/\/www.blagnacartsmartiaux.fr\/site\/wp-json\/wp\/v2\/pages"}],"about":[{"href":"https:\/\/www.blagnacartsmartiaux.fr\/site\/wp-json\/wp\/v2\/types\/page"}],"author":[{"embeddable":true,"href":"https:\/\/www.blagnacartsmartiaux.fr\/site\/wp-json\/wp\/v2\/users\/1"}],"replies":[{"embeddable":true,"href":"https:\/\/www.blagnacartsmartiaux.fr\/site\/wp-json\/wp\/v2\/comments?post=4656"}],"version-history":[{"count":1,"href":"https:\/\/www.blagnacartsmartiaux.fr\/site\/wp-json\/wp\/v2\/pages\/4656\/revisions"}],"predecessor-version":[{"id":4657,"href":"https:\/\/www.blagnacartsmartiaux.fr\/site\/wp-json\/wp\/v2\/pages\/4656\/revisions\/4657"}],"up":[{"embeddable":true,"href":"https:\/\/www.blagnacartsmartiaux.fr\/site\/wp-json\/wp\/v2\/pages\/4630"}],"wp:featuredmedia":[{"embeddable":true,"href":"https:\/\/www.blagnacartsmartiaux.fr\/site\/wp-json\/wp\/v2\/media\/638"}],"wp:attachment":[{"href":"https:\/\/www.blagnacartsmartiaux.fr\/site\/wp-json\/wp\/v2\/media?parent=4656"}],"curies":[{"name":"wp","href":"https:\/\/api.w.org\/{rel}","templated":true}]}}